{"id":2,"date":"2018-09-10T14:22:36","date_gmt":"2018-09-10T12:22:36","guid":{"rendered":"https:\/\/www.formschub.de\/?page_id=2"},"modified":"2024-05-08T15:34:38","modified_gmt":"2024-05-08T13:34:38","slug":"impressum","status":"publish","type":"page","link":"https:\/\/www.formschub.de\/blog\/impressum\/","title":{"rendered":"Impressum"},"content":{"rendered":"<p><b>Verantwortungsbereich<\/b><br \/>\nDieses Impressum gilt f\u00fcr die privat betriebene Internetpr\u00e4senz unter der Domain <a href=\"https:\/\/www.formschub.de\/\" target=\"_blank\" rel=\"noopener noreferrer\">www.formschub.de<\/a>.<\/p>\n<p><b>Verantwortliche Ansprechperson gem\u00e4\u00df \u00a7 18 Abs. 2 MStV:<\/b><br \/>\nT. Pfeiffer, 22305 Hamburg.<\/p>\n<p><b>Elektronische Postadresse<\/b><br \/>\nkontakt[at]formschub[punkt]de<\/p>\n<p><b>Zweck dieses Webprojektes<\/b><br \/>\nPrivates Weblog zur pers\u00f6nlichen Selbstdarstellung. Alle Beitr\u00e4ge in diesem Blog repr\u00e4sentieren ausschlie\u00dflich meine pers\u00f6nliche Meinung, sofern nicht ausdr\u00fccklich anders gekennzeichnet.<\/p>\n<p><b>Marken- und Warenzeichen, Nennung von Unternehmen, Produkten und gewerblichen Dienstleistungen<\/b><br \/>\nVon mir beil\u00e4ufig in einzelnen Blogbeitr\u00e4gen erw\u00e4hnte oder empfohlene Unternehmen, Restaurants, Gesch\u00e4fte, Produkte und Marken nenne ich ohne finanzielle Interessen und ohne daraus resultierende materielle Vorteilsnahmen. Meine Themen und Beitr\u00e4ge verfasse ich auf eigene Initiative und nur dann vereinzelt in Kooperation mit Dritten, wenn mich deren Produkte, Angebote oder Dienstleistungen pers\u00f6nlich interessieren oder \u00fcberzeugt haben. Erfolgt die Nennung von Unternehmen, Marken, Produkten oder Dienstleistungen in Verbindung mit einer Gegenleistung seitens eines gewerbetreibenden Anbieters, so ist dies zu Beginn des betreffenden einzelnen Blogbeitrags textlich gekennzeichnet mit dem Hinweis auf Werbung oder eine werbliche Kooperation.<\/p>\n<p>Alle in diesem Blog genannten und ggf. gesch\u00fctzten Marken- und Warenzeichen unterliegen dar\u00fcber hinaus uneingeschr\u00e4nkt den Bestimmungen des jeweils g\u00fcltigen Kennzeichenrechts und den Besitzrechten der jeweiligen eingetragenen Eigent\u00fcmer. Allein aufgrund der blo\u00dfen Nennung ist nicht der Schluss zu ziehen, dass Markenzeichen nicht durch Rechte Dritter gesch\u00fctzt sind.<\/p>\n<p><b>Urheberrecht<\/b><br \/>\nInhalt und Struktur dieser Website bzw. dieses Blogs sind durch das Urheberrecht gesch\u00fctzt. Wenn nicht ausdr\u00fccklich anders vermerkt, liegen die Urheberrechte f\u00fcr die Texte und Abbildungen der Website bei mir. Besuchern wird das Nutzungsrecht einger\u00e4umt, nach Belieben auf Inhalte dieses Blogs zu verlinken oder sich eine private Kopie f\u00fcr pers\u00f6nliche Zwecke anzufertigen. Nicht gestattet ist hingegen, Inhalte zu kopieren, zu ver\u00e4ndern und\/oder unter eigenem Namen selbst zu ver\u00f6ffentlichen.<\/p>\n<p><b>Schutzrechtsverletzung<\/b><br \/>\nAls Autor dieses privaten, nichtgewerblichen Weblogs liegt mir sehr daran, auch die Urheberrechte Dritter nicht zu verletzen und Beitr\u00e4ge stets nach dem Grundsatz zu verfassen, diese Rechte zu respektieren. Soweit verf\u00fcgbar, werden Informationen zu Autoren, K\u00fcnstlern, Fotografen, Rechteinhabern oder Unternehmen angezeigt, sowie M\u00f6glichkeiten, das Originalprodukt oder -werk zu beziehen. Falls Sie der Ansicht sind, dass Sie als Rechteinhaber hier eines Ihrer Schutzrechte verletzt sehen, teilen Sie mir dies bitte per E-Mail an kontakt[at]formschub[punkt]de mit und ich werde den betreffenden Eintrag unverz\u00fcglich nach Erhalt Ihrer Nachricht entfernen oder gem\u00e4\u00df Ihres berechtigten Einspruchs modifizieren. Die Einschaltung eines Anwaltes zu einer f\u00fcr mich kostenpflichtigen Abmahnung entspricht nicht meinem wirklichen oder mutma\u00dflichen Willen.<\/p>\n<p><b>Haftungshinweis<\/b><br \/>\nIch habe die Inhalte und externen Links auf dieser Website bzw. in diesem Blog vor Ver\u00f6ffentlichung sorgf\u00e4ltig gepr\u00fcft und nach bestem Wissen erstellt. Dennoch leiste ich f\u00fcr die hier ver\u00f6ffentlichten Informationen keine Gew\u00e4hr auf Vollst\u00e4ndigkeit, Aktualit\u00e4t, Qualit\u00e4t und Richtigkeit. Es kann keine Verantwortung f\u00fcr Sch\u00e4den \u00fcbernommen werden, die durch das Vertrauen auf die Inhalte dieser Website oder deren Gebrauch entstehen.<\/p>\n<p>Diese Website bzw. dieses Blog ist Teil des \u00bbWorld Wide Web\u00ab und dementsprechend mit fremden, sich jederzeit wandeln k\u00f6nnenden Websites verkn\u00fcpft, die folglich auch nicht meinem Verantwortungsbereich unterliegen. Solche Links, die zu fremden Websites f\u00fchren, erkennen Sie an blau gef\u00e4rbten Textstellen. Dass die Links weder gegen Sitten noch Gesetze versto\u00dfen, wurde genau einmal gepr\u00fcft: bevor sie hier aufgenommen wurden. F\u00fcr die Inhalte, Aktualit\u00e4t und die Verf\u00fcgbarkeit externer Links \u00fcbernehme ich keine Haftung. F\u00fcr den Inhalt der verlinkten Seiten sind ausschlie\u00dflich deren Betreiber verantwortlich.<\/p>\n<p><b>Kommentare<\/b><br \/>\nEs besteht kein Anspruch auf die Ver\u00f6ffentlichung abgegebener Kommentare. Als Blogbetreiber behalte ich mir vor, nach eigenem Ermessen Kommentare, E-Mail-Adressen oder Links zu k\u00fcrzen oder zu l\u00f6schen, insbesondere wenn diese offensichtlich nur dem Zweck dienen, eine externe Verlinkung ohne Kontext zum betreffenden Blogartikel herzustellen.<\/p>\n<p><b>Datenschutz<\/b><br \/>\nPersonenbezogene Daten werden nur mit Ihrem Wissen und Ihrer Einwilligung erhoben. Details dazu entnehmen Sie bitte der <a href=\" https:\/\/www.formschub.de\/blog\/datenschutz\/\">Datenschutzerkl\u00e4rung<\/a> dieses Blogs.<\/p>\n<p>Mich selbst betreffend untersage ich gem\u00e4\u00df \u00a7 51 BDSG jede kommerziellen Nutzung und Weitergabe all meiner auf dieser Website bzw. in diesem Blog ver\u00f6ffentlichten pers\u00f6nlichen Daten.<\/p>\n<hr \/>\n<p><b>Disclaimer<\/b><br \/>\nThe author of this private, non-commercial weblog in no way wishes to violate or misuse anyone\u2019s copyright. It is my policy to make every effort to respect the copyrights of third parties. Where available, information about the author, artist, photographer, copyright holder(s) or company, and a way to access or purchase the original source, product or work will be provided. If you believe that your copyright has been infringed, please email me to kontakt[at]formschub[dot]de and I will remove or modify the appropriate entry as soon as I receive your email.<\/p>\n<div class=\"likebtn_container\" style=\"clear:both;\"><!-- LikeBtn.com BEGIN --><span class=\"likebtn-wrapper\"  data-identifier=\"page_2\"  data-site_id=\"5ec2910b6fd08bbb5dd94e1f\"  data-theme=\"heartcross\"  data-lang=\"de\"  data-show_dislike_label=\"true\"  data-share_enabled=\"false\"  data-counter_frmt=\"period\"  data-tooltip_enabled=\"false\"  data-i18n_like=\"gern gelesen\"  data-i18n_dislike=\"gefiel mir nicht\"  data-i18n_after_like=\"gern gelesen\"  data-i18n_after_dislike=\"gefiel mir nicht\"  data-i18n_like_tooltip=\"gern gelesen\"  data-i18n_dislike_tooltip=\"gefiel mir nicht\"  data-i18n_unlike_tooltip=\"\u2764\ufe0f entfernen\"  data-i18n_undislike_tooltip=\"\u274c entfernen\"  data-i18n_popup_close=\"schlie\u00dfen\"  data-i18n_popup_text=\"Danke f\u00fcr Deine Bewertung!\"  data-style=\"\"  data-unlike_allowed=\"\"  data-show_copyright=\"\"  data-item_url=\"https:\/\/www.formschub.de\/blog\/impressum\/\"  data-item_title=\"Impressum\"  data-item_date=\"2018-09-10T14:22:36+02:00\"  data-engine=\"WordPress\"  data-plugin_v=\"2.6.59\"  data-prx=\"https:\/\/www.formschub.de\/blog\/wp-admin\/admin-ajax.php?action=likebtn_prx\"  data-event_handler=\"likebtn_eh\" ><\/span><!-- LikeBtn.com END --><\/div>","protected":false},"excerpt":{"rendered":"<p>Verantwortungsbereich Dieses Impressum gilt f\u00fcr die privat betriebene Internetpr\u00e4senz unter der Domain www.formschub.de. Verantwortliche Ansprechperson gem\u00e4\u00df \u00a7 18 Abs. 2 MStV: T. Pfeiffer, 22305 Hamburg. [&#8230;]<\/p>\n<div class=\"likebtn_container\" style=\"clear:both;\"><!-- LikeBtn.com BEGIN --><span class=\"likebtn-wrapper\"  data-identifier=\"page_2\"  data-site_id=\"5ec2910b6fd08bbb5dd94e1f\"  data-theme=\"heartcross\"  data-lang=\"de\"  data-show_dislike_label=\"true\"  data-share_enabled=\"false\"  data-counter_frmt=\"period\"  data-tooltip_enabled=\"false\"  data-i18n_like=\"gern gelesen\"  data-i18n_dislike=\"gefiel mir nicht\"  data-i18n_after_like=\"gern gelesen\"  data-i18n_after_dislike=\"gefiel mir nicht\"  data-i18n_like_tooltip=\"gern gelesen\"  data-i18n_dislike_tooltip=\"gefiel mir nicht\"  data-i18n_unlike_tooltip=\"\u2764\ufe0f entfernen\"  data-i18n_undislike_tooltip=\"\u274c entfernen\"  data-i18n_popup_close=\"schlie\u00dfen\"  data-i18n_popup_text=\"Danke f\u00fcr Deine Bewertung!\"  data-style=\"\"  data-unlike_allowed=\"\"  data-show_copyright=\"\"  data-item_url=\"https:\/\/www.formschub.de\/blog\/impressum\/\"  data-item_title=\"Impressum\"  data-item_date=\"2018-09-10T14:22:36+02:00\"  data-engine=\"WordPress\"  data-plugin_v=\"2.6.59\"  data-prx=\"https:\/\/www.formschub.de\/blog\/wp-admin\/admin-ajax.php?action=likebtn_prx\"  data-event_handler=\"likebtn_eh\" ><\/span><!-- LikeBtn.com END --><\/div>","protected":false},"author":1,"featured_media":0,"parent":0,"menu_order":0,"comment_status":"closed","ping_status":"closed","template":"templates\/template-sidebar-right.php","meta":{"footnotes":""},"class_list":["post-2","page","type-page","status-publish","hentry"],"_links":{"self":[{"href":"https:\/\/www.formschub.de\/blog\/wp-json\/wp\/v2\/pages\/2","targetHints":{"allow":["GET"]}}],"collection":[{"href":"https:\/\/www.formschub.de\/blog\/wp-json\/wp\/v2\/pages"}],"about":[{"href":"https:\/\/www.formschub.de\/blog\/wp-json\/wp\/v2\/types\/page"}],"author":[{"embeddable":true,"href":"https:\/\/www.formschub.de\/blog\/wp-json\/wp\/v2\/users\/1"}],"replies":[{"embeddable":true,"href":"https:\/\/www.formschub.de\/blog\/wp-json\/wp\/v2\/comments?post=2"}],"version-history":[{"count":13,"href":"https:\/\/www.formschub.de\/blog\/wp-json\/wp\/v2\/pages\/2\/revisions"}],"predecessor-version":[{"id":9931,"href":"https:\/\/www.formschub.de\/blog\/wp-json\/wp\/v2\/pages\/2\/revisions\/9931"}],"wp:attachment":[{"href":"https:\/\/www.formschub.de\/blog\/wp-json\/wp\/v2\/media?parent=2"}],"curies":[{"name":"wp","href":"https:\/\/api.w.org\/{rel}","templated":true}]}}